{"id":16,"date":"2015-04-20T15:55:49","date_gmt":"2015-04-20T15:55:49","guid":{"rendered":"http:\/\/www.entretienmcgill.com\/?page_id=16"},"modified":"2015-06-03T16:51:41","modified_gmt":"2015-06-03T16:51:41","slug":"contact-us","status":"publish","type":"page","link":"http:\/\/www.entretienmcgill.com\/en\/contact-us\/","title":{"rendered":"Contact Us"},"content":{"rendered":"<p>Do you want to request a quote or get more information?<br \/>\nBy phone, email, or directly at our offices, we\u2019ll be more than happy to answer any question you have.<\/p>\n<div class=\"big-title\">Contact us by phone<\/div>\n<p>T\u00e9l\u00e9phone: (514) 493-1074<br \/>\nT\u00e9l\u00e9copieur: (514) 493-1464<\/p>\n<div class=\"big-title\">Contact us by email<\/div>\n<p><a href=\"mailto:adm@entretienmcgill.com\" target=\"_blank\">adm@entretienmcgill.com<\/a><\/p>\n","protected":false},"excerpt":{"rendered":"<p>Do you want to request a quote or get more information? By phone, email, or directly at our offices, we\u2019ll be more than happy to answer any question you have. Contact us by phone T\u00e9l\u00e9phone: (514) 493-1074 T\u00e9l\u00e9copieur: (514) 493-1464 Contact us by email adm@entretienmcgill.com<\/p>\n","protected":false},"author":1,"featured_media":325,"parent":0,"menu_order":0,"comment_status":"open","ping_status":"open","template":"template-contact.php","meta":[],"acf":[],"yoast_head":"<!-- This site is optimized with the Yoast SEO plugin v18.1 - https:\/\/yoast.com\/wordpress\/plugins\/seo\/ -->\n<title>Entretien McGill - Contact us<\/title>\n<meta name=\"description\" content=\"Meet Entretien McGill, a team of specialists experienced at working on dangerous projects high above ground in Montreal, the North Shore &amp; the South Shore.\" \/>\n<meta name=\"robots\" content=\"index, follow, max-snippet:-1, max-image-preview:large, max-video-preview:-1\" \/>\n<link rel=\"canonical\" href=\"http:\/\/www.entretienmcgill.com\/en\/contact-us\/\" \/>\n<script type=\"application\/ld+json\" class=\"yoast-schema-graph\">{\"@context\":\"https:\/\/schema.org\",\"@graph\":[{\"@type\":\"WebSite\",\"@id\":\"http:\/\/www.entretienmcgill.com\/#website\",\"url\":\"http:\/\/www.entretienmcgill.com\/\",\"name\":\"Entretien McGill\",\"description\":\"Specialist in all height operations\",\"potentialAction\":[{\"@type\":\"SearchAction\",\"target\":{\"@type\":\"EntryPoint\",\"urlTemplate\":\"http:\/\/www.entretienmcgill.com\/?s={search_term_string}\"},\"query-input\":\"required name=search_term_string\"}],\"inLanguage\":\"en-US\"},{\"@type\":\"ImageObject\",\"@id\":\"http:\/\/www.entretienmcgill.com\/en\/contact-us\/#primaryimage\",\"inLanguage\":\"en-US\",\"url\":\"http:\/\/www.entretienmcgill.com\/\/app\/uploads\/2015\/04\/mtlbackground.jpg\",\"contentUrl\":\"http:\/\/www.entretienmcgill.com\/\/app\/uploads\/2015\/04\/mtlbackground.jpg\",\"width\":1920,\"height\":460},{\"@type\":\"WebPage\",\"@id\":\"http:\/\/www.entretienmcgill.com\/en\/contact-us\/#webpage\",\"url\":\"http:\/\/www.entretienmcgill.com\/en\/contact-us\/\",\"name\":\"Entretien McGill - Contact us\",\"isPartOf\":{\"@id\":\"http:\/\/www.entretienmcgill.com\/#website\"},\"primaryImageOfPage\":{\"@id\":\"http:\/\/www.entretienmcgill.com\/en\/contact-us\/#primaryimage\"},\"datePublished\":\"2015-04-20T15:55:49+00:00\",\"dateModified\":\"2015-06-03T16:51:41+00:00\",\"description\":\"Meet Entretien McGill, a team of specialists experienced at working on dangerous projects high above ground in Montreal, the North Shore & the South Shore.\",\"breadcrumb\":{\"@id\":\"http:\/\/www.entretienmcgill.com\/en\/contact-us\/#breadcrumb\"},\"inLanguage\":\"en-US\",\"potentialAction\":[{\"@type\":\"ReadAction\",\"target\":[\"http:\/\/www.entretienmcgill.com\/en\/contact-us\/\"]}]},{\"@type\":\"BreadcrumbList\",\"@id\":\"http:\/\/www.entretienmcgill.com\/en\/contact-us\/#breadcrumb\",\"itemListElement\":[{\"@type\":\"ListItem\",\"position\":1,\"name\":\"Home\",\"item\":\"https:\/\/www.entretienmcgill.com\/en\/\"},{\"@type\":\"ListItem\",\"position\":2,\"name\":\"Contact Us\"}]}]}<\/script>\n<!-- \/ Yoast SEO plugin. -->","yoast_head_json":{"title":"Entretien McGill - Contact us","description":"Meet Entretien McGill, a team of specialists experienced at working on dangerous projects high above ground in Montreal, the North Shore & the South Shore.","robots":{"index":"index","follow":"follow","max-snippet":"max-snippet:-1","max-image-preview":"max-image-preview:large","max-video-preview":"max-video-preview:-1"},"canonical":"http:\/\/www.entretienmcgill.com\/en\/contact-us\/","schema":{"@context":"https:\/\/schema.org","@graph":[{"@type":"WebSite","@id":"http:\/\/www.entretienmcgill.com\/#website","url":"http:\/\/www.entretienmcgill.com\/","name":"Entretien McGill","description":"Specialist in all height operations","potentialAction":[{"@type":"SearchAction","target":{"@type":"EntryPoint","urlTemplate":"http:\/\/www.entretienmcgill.com\/?s={search_term_string}"},"query-input":"required name=search_term_string"}],"inLanguage":"en-US"},{"@type":"ImageObject","@id":"http:\/\/www.entretienmcgill.com\/en\/contact-us\/#primaryimage","inLanguage":"en-US","url":"http:\/\/www.entretienmcgill.com\/\/app\/uploads\/2015\/04\/mtlbackground.jpg","contentUrl":"http:\/\/www.entretienmcgill.com\/\/app\/uploads\/2015\/04\/mtlbackground.jpg","width":1920,"height":460},{"@type":"WebPage","@id":"http:\/\/www.entretienmcgill.com\/en\/contact-us\/#webpage","url":"http:\/\/www.entretienmcgill.com\/en\/contact-us\/","name":"Entretien McGill - Contact us","isPartOf":{"@id":"http:\/\/www.entretienmcgill.com\/#website"},"primaryImageOfPage":{"@id":"http:\/\/www.entretienmcgill.com\/en\/contact-us\/#primaryimage"},"datePublished":"2015-04-20T15:55:49+00:00","dateModified":"2015-06-03T16:51:41+00:00","description":"Meet Entretien McGill, a team of specialists experienced at working on dangerous projects high above ground in Montreal, the North Shore & the South Shore.","breadcrumb":{"@id":"http:\/\/www.entretienmcgill.com\/en\/contact-us\/#breadcrumb"},"inLanguage":"en-US","potentialAction":[{"@type":"ReadAction","target":["http:\/\/www.entretienmcgill.com\/en\/contact-us\/"]}]},{"@type":"BreadcrumbList","@id":"http:\/\/www.entretienmcgill.com\/en\/contact-us\/#breadcrumb","itemListElement":[{"@type":"ListItem","position":1,"name":"Home","item":"https:\/\/www.entretienmcgill.com\/en\/"},{"@type":"ListItem","position":2,"name":"Contact Us"}]}]}},"_links":{"self":[{"href":"http:\/\/www.entretienmcgill.com\/en\/wp-json\/wp\/v2\/pages\/16"}],"collection":[{"href":"http:\/\/www.entretienmcgill.com\/en\/wp-json\/wp\/v2\/pages"}],"about":[{"href":"http:\/\/www.entretienmcgill.com\/en\/wp-json\/wp\/v2\/types\/page"}],"author":[{"embeddable":true,"href":"http:\/\/www.entretienmcgill.com\/en\/wp-json\/wp\/v2\/users\/1"}],"replies":[{"embeddable":true,"href":"http:\/\/www.entretienmcgill.com\/en\/wp-json\/wp\/v2\/comments?post=16"}],"version-history":[{"count":12,"href":"http:\/\/www.entretienmcgill.com\/en\/wp-json\/wp\/v2\/pages\/16\/revisions"}],"predecessor-version":[{"id":390,"href":"http:\/\/www.entretienmcgill.com\/en\/wp-json\/wp\/v2\/pages\/16\/revisions\/390"}],"wp:featuredmedia":[{"embeddable":true,"href":"http:\/\/www.entretienmcgill.com\/en\/wp-json\/wp\/v2\/media\/325"}],"wp:attachment":[{"href":"http:\/\/www.entretienmcgill.com\/en\/wp-json\/wp\/v2\/media?parent=16"}],"curies":[{"name":"wp","href":"https:\/\/api.w.org\/{rel}","templated":true}]}}